{"id":14,"date":"2025-12-18T03:59:38","date_gmt":"2025-12-18T03:59:38","guid":{"rendered":"https:\/\/dbasesores.noproblem.es\/?page_id=14"},"modified":"2025-12-18T04:48:39","modified_gmt":"2025-12-18T04:48:39","slug":"inicio","status":"publish","type":"page","link":"https:\/\/dbasesores.noproblem.es\/","title":{"rendered":"Inicio"},"content":{"rendered":"\n<div class=\"wp-block-cover alignfull is-light hestia-clear-top-padding\"><span aria-hidden=\"true\" class=\"wp-block-cover__background has-white-background-color has-background-dim-100 has-background-dim\"><\/span><div class=\"wp-block-cover__inner-container is-layout-flow wp-block-cover-is-layout-flow\">\n<h2 class=\"wp-block-heading has-text-align-center has-text-color\" style=\"color:#3c4858\">Qu\u00e9 nos define<\/h2>\n\n\n\n<div style=\"height:40px\" aria-hidden=\"true\" class=\"wp-block-spacer\"><\/div>\n\n\n\n<div class=\"wp-block-columns container is-layout-flex wp-container-core-columns-is-layout-28f84493 wp-block-columns-is-layout-flex\">\n<div class=\"wp-block-column is-layout-flow wp-block-column-is-layout-flow\">\n<h5 class=\"wp-block-heading has-text-align-center has-text-color\" style=\"color:#3c4858;font-size:18px\">Rigor y cumplimiento normativo<\/h5>\n\n\n\n<p class=\"has-text-align-center has-text-color\" style=\"color:#999999;font-size:14px\">Trabajamos con absoluto rigor t\u00e9cnico y actualizaci\u00f3n constante de la normativa contable, fiscal y laboral, garantizando el cumplimiento legal y la seguridad de nuestros clientes en cada gesti\u00f3n.<\/p>\n\n\n\n<div style=\"height:25px\" aria-hidden=\"true\" class=\"wp-block-spacer\"><\/div>\n<\/div>\n\n\n\n<div class=\"wp-block-column is-layout-flow wp-block-column-is-layout-flow\">\n<h5 class=\"wp-block-heading has-text-align-center has-text-color\" style=\"color:#3c4858;font-size:18px\">Asesoramiento cercano y personalizado<\/h5>\n\n\n\n<p class=\"has-text-align-center has-text-color\" style=\"color:#999999;font-size:14px\">Creemos en una relaci\u00f3n directa y transparente. Analizamos cada caso de forma individual para ofrecer soluciones adaptadas a la realidad de cada empresa, aut\u00f3nomo o profesional.<\/p>\n\n\n\n<div style=\"height:25px\" aria-hidden=\"true\" class=\"wp-block-spacer\"><\/div>\n<\/div>\n\n\n\n<div class=\"wp-block-column is-layout-flow wp-block-column-is-layout-flow\">\n<h5 class=\"wp-block-heading has-text-align-center has-text-color\" style=\"color:#3c4858;font-size:18px\">Prevenci\u00f3n y planificaci\u00f3n<\/h5>\n\n\n\n<p><\/p>\n\n\n\n<p class=\"has-text-align-center has-text-color\" style=\"color:#999999;font-size:14px\">No solo reaccionamos ante obligaciones o requerimientos. Anticipamos escenarios, planificamos decisiones fiscales y laborales y ayudamos a optimizar costes y riesgos a medio y largo plazo.<\/p>\n\n\n\n<div style=\"height:25px\" aria-hidden=\"true\" class=\"wp-block-spacer\"><\/div>\n<\/div>\n<\/div>\n\n\n\n<div style=\"height:40px\" aria-hidden=\"true\" class=\"wp-block-spacer\"><\/div>\n<\/div><\/div>\n\n\n\n<div class=\"wp-block-columns container is-layout-flex wp-container-core-columns-is-layout-28f84493 wp-block-columns-is-layout-flex\">\n<div class=\"wp-block-column col-md-5 is-layout-flow wp-block-column-is-layout-flow\">\n<div style=\"height:55px\" aria-hidden=\"true\" class=\"wp-block-spacer\"><\/div>\n\n\n\n<h2 class=\"wp-block-heading has-text-align-center\">Sobre Dbasesores<\/h2>\n\n\n\n<p>En <strong>Dbasesores<\/strong> acompa\u00f1amos a empresas, aut\u00f3nomos y profesionales en la gesti\u00f3n contable, fiscal, laboral y mercantil, ofreciendo un asesoramiento riguroso, cercano y orientado a la toma de decisiones.<\/p>\n\n\n\n<p>Nuestro trabajo se basa en el <strong>cumplimiento normativo<\/strong>, la <strong>planificaci\u00f3n anticipada<\/strong> y la <strong>atenci\u00f3n personalizada<\/strong>, con el objetivo de aportar tranquilidad, seguridad jur\u00eddica y eficiencia en cada etapa del negocio.<\/p>\n\n\n\n<p>Creemos en una relaci\u00f3n de confianza a largo plazo, donde el cliente entiende su situaci\u00f3n y cuenta con un equipo que vela por sus intereses de forma constante.<\/p>\n<\/div>\n<\/div>\n\n\n\n<p><\/p>\n","protected":false},"excerpt":{"rendered":"<p>Sobre Dbasesores En Dbasesores acompa\u00f1amos a empresas, aut\u00f3nomos y profesionales en la gesti\u00f3n contable, fiscal, laboral y mercantil, ofreciendo un asesoramiento riguroso, cercano y orientado a la toma de decisiones. Nuestro trabajo se basa en el cumplimiento normativo, la planificaci\u00f3n anticipada y la atenci\u00f3n personalizada, con el objetivo de aportar [&hellip;]<\/p>\n","protected":false},"author":1,"featured_media":47,"parent":0,"menu_order":0,"comment_status":"closed","ping_status":"closed","template":"","meta":{"_themeisle_gutenberg_block_has_review":false,"footnotes":""},"class_list":["post-14","page","type-page","status-publish","has-post-thumbnail","hentry"],"_links":{"self":[{"href":"https:\/\/dbasesores.noproblem.es\/index.php\/wp-json\/wp\/v2\/pages\/14","targetHints":{"allow":["GET"]}}],"collection":[{"href":"https:\/\/dbasesores.noproblem.es\/index.php\/wp-json\/wp\/v2\/pages"}],"about":[{"href":"https:\/\/dbasesores.noproblem.es\/index.php\/wp-json\/wp\/v2\/types\/page"}],"author":[{"embeddable":true,"href":"https:\/\/dbasesores.noproblem.es\/index.php\/wp-json\/wp\/v2\/users\/1"}],"replies":[{"embeddable":true,"href":"https:\/\/dbasesores.noproblem.es\/index.php\/wp-json\/wp\/v2\/comments?post=14"}],"version-history":[{"count":6,"href":"https:\/\/dbasesores.noproblem.es\/index.php\/wp-json\/wp\/v2\/pages\/14\/revisions"}],"predecessor-version":[{"id":62,"href":"https:\/\/dbasesores.noproblem.es\/index.php\/wp-json\/wp\/v2\/pages\/14\/revisions\/62"}],"wp:featuredmedia":[{"embeddable":true,"href":"https:\/\/dbasesores.noproblem.es\/index.php\/wp-json\/wp\/v2\/media\/47"}],"wp:attachment":[{"href":"https:\/\/dbasesores.noproblem.es\/index.php\/wp-json\/wp\/v2\/media?parent=14"}],"curies":[{"name":"wp","href":"https:\/\/api.w.org\/{rel}","templated":true}]}}